{"id":4993,"date":"2025-08-25T08:33:45","date_gmt":"2025-08-25T06:33:45","guid":{"rendered":"https:\/\/forum4.life\/?page_id=4993"},"modified":"2026-04-15T14:36:06","modified_gmt":"2026-04-15T12:36:06","slug":"datenschutz","status":"publish","type":"page","link":"https:\/\/forum4.life\/index.php\/datenschutz\/","title":{"rendered":"Datenschutz"},"content":{"rendered":"<p><div class=\"fusion-fullwidth fullwidth-box fusion-builder-row-1 fusion-flex-container has-pattern-background has-mask-background nonhundred-percent-fullwidth non-hundred-percent-height-scrolling\" style=\"--awb-background-position:left top;--awb-background-repeat:repeat-y;--awb-border-color:var(--awb-custom_color_1);--awb-border-radius-top-left:0px;--awb-border-radius-top-right:0px;--awb-border-radius-bottom-right:0px;--awb-border-radius-bottom-left:0px;--awb-padding-top:100px;--awb-padding-bottom:100px;--awb-flex-wrap:wrap;\" ><div class=\"fusion-builder-row fusion-row fusion-flex-align-items-flex-start fusion-flex-content-wrap\" style=\"max-width:1248px;margin-left: calc(-4% \/ 2 );margin-right: calc(-4% \/ 2 );\"><div class=\"fusion-layout-column fusion_builder_column fusion-builder-column-0 fusion_builder_column_1_1 1_1 fusion-flex-column\" style=\"--awb-bg-size:cover;--awb-width-large:100%;--awb-spacing-right-large:1.92%;--awb-margin-bottom-large:0px;--awb-spacing-left-large:1.92%;--awb-width-medium:80%;--awb-order-medium:0;--awb-spacing-right-medium:2.4%;--awb-margin-bottom-medium:40px;--awb-spacing-left-medium:2.4%;--awb-width-small:100%;--awb-order-small:0;--awb-spacing-right-small:1.92%;--awb-margin-bottom-small:20px;--awb-spacing-left-small:1.92%;\"><div class=\"fusion-column-wrapper fusion-column-has-shadow fusion-flex-justify-content-flex-start fusion-content-layout-column\"><div class=\"fusion-title title fusion-title-1 fusion-sep-none fusion-title-text fusion-title-size-two\" style=\"--awb-margin-top-small:10px;--awb-margin-right-small:0px;--awb-margin-bottom-small:10px;--awb-margin-left-small:0px;\"><h2 class=\"fusion-title-heading title-heading-left fusion-responsive-typography-calculated\" style=\"margin:0;text-transform:none;--fontSize:50;line-height:1.3;\">Datenschutz<\/h2><\/div><div class=\"fusion-text fusion-text-1\" style=\"--awb-margin-right:80px;\"><p>Der Schutz Ihrer pers\u00f6nlichen Daten ist mir wichtig. Diese Website wird privat betrieben. Personenbezogene Daten werden ausschlie\u00dflich im Rahmen der gesetzlichen Bestimmungen (DSGVO, BDSG) verarbeitet.<\/p>\n<h4 style=\"--fontSize: 30; line-height: 1.4;\" data-fontsize=\"30\" data-lineheight=\"42px\" class=\"fusion-responsive-typography-calculated\"><strong>1. Verantwortlich<\/strong><\/h4>\n<p>Ilona Kreuzmann (auftretend unter: *Ilona von Falkenberg*)<br \/>\u00d6denbergerstrasse 12, 92345 Dietfurt a. d. Altm\u00fchl<br \/>E-Mail: info@forum4.life<\/p>\n<h4 style=\"--fontSize: 30; line-height: 1.4;\" data-fontsize=\"30\" data-lineheight=\"42px\" class=\"fusion-responsive-typography-calculated\"><strong>2. Datenerhebung beim Besuch der Website<\/strong><\/h4>\n<p>Beim Aufrufen dieser Website werden automatisch technische Daten erfasst (z. B. IP-Adresse, Browsertyp, Uhrzeit des Zugriffs). Diese Daten dienen ausschlie\u00dflich der sicheren Bereitstellung der Seite und werden nicht f\u00fcr Marketingzwecke genutzt. Die Verarbeitung erfolgt auf Grundlage von Art. 6 Abs. 1 lit. f DSGVO (berechtigtes Interesse an der sicheren und stabilen Bereitstellung der Website).<\/p>\n<h4 style=\"--fontSize: 30; line-height: 1.4;\" data-fontsize=\"30\" data-lineheight=\"42px\" class=\"fusion-responsive-typography-calculated\"><b>3. Newsletter &amp; Abonnentendaten<\/b><\/h4>\n<p>F\u00fcr das Sammeln und Verwalten von Newsletter-Abonnent*innen verwende ich das WordPress-Plugin \u201eMailPoet\u201c. Alle Daten (wie Name, E-Mail-Adresse, IP-Adresse) bleiben ausschlie\u00dflich in meiner eigenen WordPress-Installation gespeichert. Ein externer Datenverarbeiter wird nicht eingesetzt. MailPoet erm\u00f6glicht statistische Auswertungen (z. B. ob ein Newsletter ge\u00f6ffnet oder ein Link angeklickt wurde). Dabei werden IP-Adressen nur in anonymisierter Form gespeichert. Ein R\u00fcckschluss auf einzelne Personen ist ausgeschlossen.<\/p>\n<ul>\n<li>Es wird das Double-Opt-In-Verfahren verwendet.<\/li>\n<li>Interessierte m\u00fcssen aktiv ihre Zustimmung geben (per Klick + ggf. optionaler Checkbox mit Verlinkung zur Datenschutzerkl\u00e4rung).<\/li>\n<li>Eingetragene Personen k\u00f6nnen ihre Daten jederzeit einsehen, exportieren oder l\u00f6schen.<\/li>\n<li>Beim Import von bestehenden E-Mail-Adressen ohne vorherige Zustimmung wird ein gesondertes Zustimmungsverfahren durchgef\u00fchrt (z. B. Erinnerungsmail mit Aktivierungslink).<\/li>\n<\/ul>\n<p>Die Verarbeitung erfolgt auf Grundlage von Art. 6 Abs. 1 lit. a DSGVO (Einwilligung). Die Einwilligung kann jederzeit mit Wirkung f\u00fcr die Zukunft widerrufen werden.<\/p>\n<ul>\n<\/ul>\n<h4 style=\"--fontSize: 30; line-height: 1.4;\" data-fontsize=\"30\" data-lineheight=\"42px\" class=\"fusion-responsive-typography-calculated\"><strong>4. Teilen-Buttons (Social Media)<\/strong><\/h4>\n<p>Auf der Website k\u00f6nnen Inhalte \u00fcber Schaltfl\u00e4chen in sozialen Netzwerken geteilt werden (z. B. Facebook, X\/Twitter). Diese Buttons sind als einfache Links eingebunden. Erst beim Anklicken wird eine Verbindung zum jeweiligen Dienst hergestellt.<\/p>\n<h4 style=\"--fontSize: 30; line-height: 1.4;\" data-fontsize=\"30\" data-lineheight=\"42px\" class=\"fusion-responsive-typography-calculated\"><strong>5. Ihre Rechte<\/strong><\/h4>\n<p>Sie haben jederzeit das Recht auf Auskunft, Berichtigung oder L\u00f6schung Ihrer gespeicherten Daten sowie das Recht auf Einschr\u00e4nkung der Verarbeitung und Widerspruch.<br \/>Bitte wenden Sie sich dazu an die oben angegebene Adresse.<\/p>\n<h4 style=\"--fontSize: 30; line-height: 1.4;\" data-fontsize=\"30\" data-lineheight=\"42px\" class=\"fusion-responsive-typography-calculated\"><strong>6. Sicherheit<\/strong><\/h4>\n<p>Ich setze technische und organisatorische Ma\u00dfnahmen ein, um Ihre Daten gegen Manipulation, Verlust oder unbefugten Zugriff zu sch\u00fctzen.<\/p>\n<h4 style=\"--fontSize: 30; line-height: 1.4;\" data-fontsize=\"30\" data-lineheight=\"42px\" class=\"fusion-responsive-typography-calculated\"><b>7. Externe Inhalte<\/b> (z. B. YouTube-Videos)<\/h4>\n<p>Auf dieser Website k\u00f6nnen externe Inhalte eingebunden sein (z. B. Videos von YouTube). Zum Schutz Ihrer Daten sind diese Inhalte standardm\u00e4\u00dfig deaktiviert. Erst wenn Sie aktiv zustimmen (2-Klick-L\u00f6sung), wird eine Verbindung zu den Servern des jeweiligen Anbieters hergestellt und es k\u00f6nnen personenbezogene Daten \u00fcbertragen werden (z. B. IP-Adresse).<\/p>\n<h4 style=\"--fontSize: 30; line-height: 1.4;\" data-fontsize=\"30\" data-lineheight=\"42px\" class=\"fusion-responsive-typography-calculated\"><b>8. Shop &amp; Zahlungsabwicklung (WahrWeg \u2013 Volkskultur)<\/b><\/h4>\n<p>Auf dieser Website besteht die M\u00f6glichkeit, digitale Inhalte (z. B. PDFs oder andere Ver\u00f6ffentlichungen) \u00fcber den angeschlossenen Bereich \u201eWahrWeg \u2013 Volkskultur\u201c (www.wahrweg-volkskultur) zu beziehen.<\/p>\n<p><b>a) Verarbeitung im Bestellprozess<\/b><br \/>Im Rahmen des Bestellvorgangs werden personenbezogene Daten (z. B. Name, E-Mail-Adresse) erhoben, soweit dies zur Abwicklung der Bestellung erforderlich ist.<\/p>\n<p>Die Verarbeitung erfolgt ausschlie\u00dflich zum Zweck der:<\/p>\n<p>Bereitstellung der digitalen Inhalte, Abwicklung der Zahlung, ggf. technischen Unterst\u00fctzung bei Problemen mit dem Download. Ein Nutzerkonto ist nicht erforderlich (Gast-Checkout m\u00f6glich).<\/p>\n<p><b>b) Zahlungsabwicklung (PayPal, Stripe, Apple Pay, Google Pay)<\/b><\/p>\n<p>F\u00fcr die Zahlungsabwicklung werden externe Zahlungsdienstleister eingesetzt.<\/p>\n<p>PayPal<br \/>PayPal (Europe) S.\u00e0 r.l. et Cie, S.C.A.<br \/>22\u201324 Boulevard Royal<br \/>L-2449 Luxemburg<\/p>\n<p>Datenschutz:<br \/>https:\/\/www.paypal.com\/de\/webapps\/mpp\/ua\/privacy-full<\/p>\n<p>Stripe (inkl. Apple Pay &amp; Google Pay)<br \/>Stripe Payments Europe Ltd.<br \/>1 Grand Canal Street Lower<br \/>Grand Canal Dock<br \/>Dublin, Irland<\/p>\n<p>Bei Auswahl einer dieser Zahlungsarten werden die zur Zahlungsabwicklung erforderlichen Daten an Stripe \u00fcbermittelt. Apple Pay und Google Pay sind Funktionen innerhalb der Stripe-Zahlungsabwicklung.<\/p>\n<p>Datenschutz:<br \/>https:\/\/stripe.com\/de\/privacy<\/p>\n<p>Die Verarbeitung erfolgt auf Grundlage von Art. 6 Abs. 1 lit. b DSGVO (Vertragserf\u00fcllung).<\/p>\n<p><b>c) Beteiligungsmodell statt klassischer Kauf<\/b><br \/>Die angebotenen Inhalte erfolgen im Rahmen eines Beteiligungsmodells. Die eingegebenen Betr\u00e4ge dienen der Unterst\u00fctzung von Infrastruktur, Ver\u00f6ffentlichungen und Weiterentwicklung des Projektes. Auch in diesem Zusammenhang werden nur die f\u00fcr die Abwicklung notwendigen Daten verarbeitet.<\/p>\n<p><b>d) Speicherung und Zugriff<\/b><br \/>Die Bestelldaten werden innerhalb der WordPress-\/WooCommerce-Installation gespeichert. Ein Zugriff erfolgt ausschlie\u00dflich im Rahmen der technischen und organisatorischen Betreuung. Es erfolgt keine Weitergabe an Dritte, au\u00dfer soweit dies f\u00fcr die Zahlungsabwicklung erforderlich ist.<\/p>\n<p>&#8212;&#8212;&#8212;&#8212;&#8212;&#8212;&#8212;&#8212;&#8212;&#8212;&#8212;&#8211;<\/p>\n<p>Es erfolgt keine dar\u00fcber hinausgehende Weitergabe personenbezogener Daten an Dritte.<\/p>\n<\/div><div class=\"fusion-separator\" style=\"align-self: flex-start;margin-right:auto;margin-top:40px;margin-bottom:40px;width:100%;max-width:220px;\"><div class=\"fusion-separator-border sep-single sep-solid\" style=\"--awb-height:20px;--awb-amount:20px;--awb-sep-color:hsla(var(--awb-custom_color_1-h),var(--awb-custom_color_1-s),calc(var(--awb-custom_color_1-l) - 10%),var(--awb-custom_color_1-a));border-color:hsla(var(--awb-custom_color_1-h),var(--awb-custom_color_1-s),calc(var(--awb-custom_color_1-l) - 10%),var(--awb-custom_color_1-a));border-top-width:8px;\"><\/div><\/div><\/div><\/div><\/div><\/div><div class=\"fusion-fullwidth fullwidth-box fusion-builder-row-2 fusion-flex-container has-pattern-background has-mask-background nonhundred-percent-fullwidth non-hundred-percent-height-scrolling fusion-animated\" style=\"--awb-border-sizes-top:0px;--awb-border-sizes-bottom:1px;--awb-border-sizes-left:0px;--awb-border-sizes-right:0px;--awb-border-color:var(--awb-custom_color_1);--awb-border-radius-top-left:0px;--awb-border-radius-top-right:0px;--awb-border-radius-bottom-right:0px;--awb-border-radius-bottom-left:0px;--awb-padding-top:100px;--awb-padding-bottom:100px;--awb-flex-wrap:wrap;\" data-animationType=\"fadeInUp\" data-animationDuration=\"1.0\" data-animationDelay=\"1.0\" data-animationOffset=\"top-into-view\" ><div class=\"fusion-builder-row fusion-row fusion-flex-align-items-center fusion-flex-content-wrap\" style=\"max-width:1248px;margin-left: calc(-4% \/ 2 );margin-right: calc(-4% \/ 2 );\"><div class=\"fusion-layout-column fusion_builder_column fusion-builder-column-1 fusion_builder_column_1_4 1_4 fusion-flex-column\" style=\"--awb-bg-size:cover;--awb-width-large:25%;--awb-spacing-right-large:7.68%;--awb-margin-bottom-large:0px;--awb-spacing-left-large:7.68%;--awb-width-medium:25%;--awb-order-medium:0;--awb-spacing-right-medium:7.68%;--awb-spacing-left-medium:7.68%;--awb-width-small:100%;--awb-order-small:0;--awb-spacing-right-small:1.92%;--awb-margin-bottom-small:60px;--awb-spacing-left-small:1.92%;\"><div class=\"fusion-column-wrapper fusion-column-has-shadow fusion-flex-justify-content-flex-start fusion-content-layout-column\"><div class=\"fusion-image-element \" style=\"text-align:center;--awb-max-width:155px;--awb-caption-title-font-family:var(--h2_typography-font-family);--awb-caption-title-font-weight:var(--h2_typography-font-weight);--awb-caption-title-font-style:var(--h2_typography-font-style);--awb-caption-title-size:var(--h2_typography-font-size);--awb-caption-title-transform:var(--h2_typography-text-transform);--awb-caption-title-line-height:var(--h2_typography-line-height);--awb-caption-title-letter-spacing:var(--h2_typography-letter-spacing);--awb-filter:opacity(75%);--awb-filter-transition:filter 0.3s ease;--awb-filter-hover:opacity(100%);\"><span class=\" fusion-imageframe imageframe-none imageframe-1 hover-type-none\"><img decoding=\"async\" width=\"254\" height=\"304\" alt=\"Sigillo Enara\" title=\"Sigillo Enara\" src=\"https:\/\/forum4.life\/wp-content\/uploads\/2025\/08\/siegill_enara_02.png\" data-orig-src=\"https:\/\/forum4.life\/wp-content\/uploads\/2025\/08\/siegill_enara_02.png\" class=\"lazyload img-responsive wp-image-4738\" srcset=\"data:image\/svg+xml,%3Csvg%20xmlns%3D%27http%3A%2F%2Fwww.w3.org%2F2000%2Fsvg%27%20width%3D%27254%27%20height%3D%27304%27%20viewBox%3D%270%200%20254%20304%27%3E%3Crect%20width%3D%27254%27%20height%3D%27304%27%20fill-opacity%3D%220%22%2F%3E%3C%2Fsvg%3E\" data-srcset=\"https:\/\/forum4.life\/wp-content\/uploads\/2025\/08\/siegill_enara_02-200x239.png 200w, https:\/\/forum4.life\/wp-content\/uploads\/2025\/08\/siegill_enara_02.png 254w\" data-sizes=\"auto\" data-orig-sizes=\"(max-width: 800px) 100vw, 254px\" \/><\/span><\/div><\/div><\/div><div class=\"fusion-layout-column fusion_builder_column fusion-builder-column-2 fusion_builder_column_1_4 1_4 fusion-flex-column\" style=\"--awb-bg-size:cover;--awb-width-large:25%;--awb-spacing-right-large:7.68%;--awb-margin-bottom-large:0px;--awb-spacing-left-large:7.68%;--awb-width-medium:25%;--awb-order-medium:0;--awb-spacing-right-medium:7.68%;--awb-spacing-left-medium:7.68%;--awb-width-small:100%;--awb-order-small:0;--awb-spacing-right-small:1.92%;--awb-margin-bottom-small:60px;--awb-spacing-left-small:1.92%;\"><div class=\"fusion-column-wrapper fusion-column-has-shadow fusion-flex-justify-content-flex-start fusion-content-layout-column\"><div class=\"fusion-image-element \" style=\"text-align:center;--awb-max-width:155px;--awb-caption-title-font-family:var(--h2_typography-font-family);--awb-caption-title-font-weight:var(--h2_typography-font-weight);--awb-caption-title-font-style:var(--h2_typography-font-style);--awb-caption-title-size:var(--h2_typography-font-size);--awb-caption-title-transform:var(--h2_typography-text-transform);--awb-caption-title-line-height:var(--h2_typography-line-height);--awb-caption-title-letter-spacing:var(--h2_typography-letter-spacing);--awb-filter:opacity(75%);--awb-filter-transition:filter 0.3s ease;--awb-filter-hover:opacity(100%);\"><span class=\" fusion-imageframe imageframe-none imageframe-2 hover-type-none\"><img decoding=\"async\" width=\"254\" height=\"304\" alt=\"Sigillo Argus\" title=\"Sigillo Argus\" src=\"https:\/\/forum4.life\/wp-content\/uploads\/2025\/08\/siegill_argus_01.png\" data-orig-src=\"https:\/\/forum4.life\/wp-content\/uploads\/2025\/08\/siegill_argus_01.png\" class=\"lazyload img-responsive wp-image-4737\" srcset=\"data:image\/svg+xml,%3Csvg%20xmlns%3D%27http%3A%2F%2Fwww.w3.org%2F2000%2Fsvg%27%20width%3D%27254%27%20height%3D%27304%27%20viewBox%3D%270%200%20254%20304%27%3E%3Crect%20width%3D%27254%27%20height%3D%27304%27%20fill-opacity%3D%220%22%2F%3E%3C%2Fsvg%3E\" data-srcset=\"https:\/\/forum4.life\/wp-content\/uploads\/2025\/08\/siegill_argus_01-200x239.png 200w, https:\/\/forum4.life\/wp-content\/uploads\/2025\/08\/siegill_argus_01.png 254w\" data-sizes=\"auto\" data-orig-sizes=\"(max-width: 800px) 100vw, 254px\" \/><\/span><\/div><\/div><\/div><div class=\"fusion-layout-column fusion_builder_column fusion-builder-column-3 fusion_builder_column_1_4 1_4 fusion-flex-column\" style=\"--awb-bg-size:cover;--awb-width-large:25%;--awb-spacing-right-large:7.68%;--awb-margin-bottom-large:0px;--awb-spacing-left-large:7.68%;--awb-width-medium:25%;--awb-order-medium:0;--awb-spacing-right-medium:7.68%;--awb-spacing-left-medium:7.68%;--awb-width-small:100%;--awb-order-small:0;--awb-spacing-right-small:1.92%;--awb-margin-bottom-small:60px;--awb-spacing-left-small:1.92%;\"><div class=\"fusion-column-wrapper fusion-column-has-shadow fusion-flex-justify-content-flex-start fusion-content-layout-column\"><div class=\"fusion-image-element \" style=\"text-align:center;--awb-max-width:155px;--awb-caption-title-font-family:var(--h2_typography-font-family);--awb-caption-title-font-weight:var(--h2_typography-font-weight);--awb-caption-title-font-style:var(--h2_typography-font-style);--awb-caption-title-size:var(--h2_typography-font-size);--awb-caption-title-transform:var(--h2_typography-text-transform);--awb-caption-title-line-height:var(--h2_typography-line-height);--awb-caption-title-letter-spacing:var(--h2_typography-letter-spacing);--awb-filter:opacity(75%);--awb-filter-transition:filter 0.3s ease;--awb-filter-hover:opacity(100%);\"><span class=\" fusion-imageframe imageframe-none imageframe-3 hover-type-none\"><img decoding=\"async\" width=\"254\" height=\"304\" alt=\"sigill elarah min\" title=\"sigill elarah min\" src=\"https:\/\/forum4.life\/wp-content\/uploads\/2025\/08\/sigill_elarah_min_04.png\" data-orig-src=\"https:\/\/forum4.life\/wp-content\/uploads\/2025\/08\/sigill_elarah_min_04.png\" class=\"lazyload img-responsive wp-image-4736\" srcset=\"data:image\/svg+xml,%3Csvg%20xmlns%3D%27http%3A%2F%2Fwww.w3.org%2F2000%2Fsvg%27%20width%3D%27254%27%20height%3D%27304%27%20viewBox%3D%270%200%20254%20304%27%3E%3Crect%20width%3D%27254%27%20height%3D%27304%27%20fill-opacity%3D%220%22%2F%3E%3C%2Fsvg%3E\" data-srcset=\"https:\/\/forum4.life\/wp-content\/uploads\/2025\/08\/sigill_elarah_min_04-200x239.png 200w, https:\/\/forum4.life\/wp-content\/uploads\/2025\/08\/sigill_elarah_min_04.png 254w\" data-sizes=\"auto\" data-orig-sizes=\"(max-width: 800px) 100vw, 254px\" \/><\/span><\/div><\/div><\/div><div class=\"fusion-layout-column fusion_builder_column fusion-builder-column-4 fusion_builder_column_1_4 1_4 fusion-flex-column\" style=\"--awb-bg-size:cover;--awb-width-large:25%;--awb-spacing-right-large:7.68%;--awb-margin-bottom-large:0px;--awb-spacing-left-large:7.68%;--awb-width-medium:25%;--awb-order-medium:0;--awb-spacing-right-medium:7.68%;--awb-spacing-left-medium:7.68%;--awb-width-small:100%;--awb-order-small:0;--awb-spacing-right-small:1.92%;--awb-spacing-left-small:1.92%;\"><div class=\"fusion-column-wrapper fusion-column-has-shadow fusion-flex-justify-content-flex-start fusion-content-layout-column\"><div class=\"fusion-image-element \" style=\"text-align:center;--awb-max-width:155px;--awb-caption-title-font-family:var(--h2_typography-font-family);--awb-caption-title-font-weight:var(--h2_typography-font-weight);--awb-caption-title-font-style:var(--h2_typography-font-style);--awb-caption-title-size:var(--h2_typography-font-size);--awb-caption-title-transform:var(--h2_typography-text-transform);--awb-caption-title-line-height:var(--h2_typography-line-height);--awb-caption-title-letter-spacing:var(--h2_typography-letter-spacing);--awb-filter:opacity(75%);--awb-filter-transition:filter 0.3s ease;--awb-filter-hover:opacity(100%);\"><span class=\" fusion-imageframe imageframe-none imageframe-4 hover-type-none\"><img decoding=\"async\" width=\"254\" height=\"304\" alt=\"Shael&#039;Arina\" title=\"Shael&#8217;Arina\" src=\"https:\/\/forum4.life\/wp-content\/uploads\/2025\/08\/siegill_erina_03.png\" data-orig-src=\"https:\/\/forum4.life\/wp-content\/uploads\/2025\/08\/siegill_erina_03.png\" class=\"lazyload img-responsive wp-image-4739\" srcset=\"data:image\/svg+xml,%3Csvg%20xmlns%3D%27http%3A%2F%2Fwww.w3.org%2F2000%2Fsvg%27%20width%3D%27254%27%20height%3D%27304%27%20viewBox%3D%270%200%20254%20304%27%3E%3Crect%20width%3D%27254%27%20height%3D%27304%27%20fill-opacity%3D%220%22%2F%3E%3C%2Fsvg%3E\" data-srcset=\"https:\/\/forum4.life\/wp-content\/uploads\/2025\/08\/siegill_erina_03-200x239.png 200w, https:\/\/forum4.life\/wp-content\/uploads\/2025\/08\/siegill_erina_03.png 254w\" data-sizes=\"auto\" data-orig-sizes=\"(max-width: 800px) 100vw, 254px\" \/><\/span><\/div><\/div><\/div><\/div><\/div><\/p>\n","protected":false},"excerpt":{"rendered":"","protected":false},"author":1,"featured_media":0,"parent":0,"menu_order":0,"comment_status":"closed","ping_status":"closed","template":"100-width.php","meta":{"_acf_changed":false,"footnotes":""},"class_list":["post-4993","page","type-page","status-publish","hentry"],"acf":[],"_links":{"self":[{"href":"https:\/\/forum4.life\/index.php\/wp-json\/wp\/v2\/pages\/4993","targetHints":{"allow":["GET"]}}],"collection":[{"href":"https:\/\/forum4.life\/index.php\/wp-json\/wp\/v2\/pages"}],"about":[{"href":"https:\/\/forum4.life\/index.php\/wp-json\/wp\/v2\/types\/page"}],"author":[{"embeddable":true,"href":"https:\/\/forum4.life\/index.php\/wp-json\/wp\/v2\/users\/1"}],"replies":[{"embeddable":true,"href":"https:\/\/forum4.life\/index.php\/wp-json\/wp\/v2\/comments?post=4993"}],"version-history":[{"count":12,"href":"https:\/\/forum4.life\/index.php\/wp-json\/wp\/v2\/pages\/4993\/revisions"}],"predecessor-version":[{"id":6884,"href":"https:\/\/forum4.life\/index.php\/wp-json\/wp\/v2\/pages\/4993\/revisions\/6884"}],"wp:attachment":[{"href":"https:\/\/forum4.life\/index.php\/wp-json\/wp\/v2\/media?parent=4993"}],"curies":[{"name":"wp","href":"https:\/\/api.w.org\/{rel}","templated":true}]}}