{"id":4994,"date":"2025-08-25T08:34:20","date_gmt":"2025-08-25T06:34:20","guid":{"rendered":"https:\/\/forum4.life\/?page_id=4994"},"modified":"2026-04-15T14:30:29","modified_gmt":"2026-04-15T12:30:29","slug":"impressum","status":"publish","type":"page","link":"https:\/\/forum4.life\/index.php\/impressum\/","title":{"rendered":"Impressum"},"content":{"rendered":"<p><div class=\"fusion-fullwidth fullwidth-box fusion-builder-row-1 fusion-flex-container has-pattern-background has-mask-background nonhundred-percent-fullwidth non-hundred-percent-height-scrolling\" style=\"--awb-background-position:left top;--awb-background-repeat:repeat-y;--awb-border-color:var(--awb-custom_color_1);--awb-border-radius-top-left:0px;--awb-border-radius-top-right:0px;--awb-border-radius-bottom-right:0px;--awb-border-radius-bottom-left:0px;--awb-padding-top:100px;--awb-padding-bottom:100px;--awb-flex-wrap:wrap;\" ><div class=\"fusion-builder-row fusion-row fusion-flex-align-items-flex-start fusion-flex-content-wrap\" style=\"max-width:1248px;margin-left: calc(-4% \/ 2 );margin-right: calc(-4% \/ 2 );\"><div class=\"fusion-layout-column fusion_builder_column fusion-builder-column-0 fusion_builder_column_1_1 1_1 fusion-flex-column\" style=\"--awb-bg-size:cover;--awb-width-large:100%;--awb-spacing-right-large:1.92%;--awb-margin-bottom-large:0px;--awb-spacing-left-large:1.92%;--awb-width-medium:80%;--awb-order-medium:0;--awb-spacing-right-medium:2.4%;--awb-margin-bottom-medium:40px;--awb-spacing-left-medium:2.4%;--awb-width-small:100%;--awb-order-small:0;--awb-spacing-right-small:1.92%;--awb-margin-bottom-small:20px;--awb-spacing-left-small:1.92%;\"><div class=\"fusion-column-wrapper fusion-column-has-shadow fusion-flex-justify-content-flex-start fusion-content-layout-column\"><div class=\"fusion-title title fusion-title-1 fusion-sep-none fusion-title-text fusion-title-size-three\" style=\"--awb-margin-top-small:10px;--awb-margin-right-small:0px;--awb-margin-bottom-small:10px;--awb-margin-left-small:0px;\"><h3 class=\"fusion-title-heading title-heading-left fusion-responsive-typography-calculated\" style=\"margin:0;text-transform:none;--fontSize:40;line-height:1.4;\">Impressum<\/h3><\/div><div class=\"fusion-text fusion-text-1\" style=\"--awb-margin-right:80px;\"><p><strong>Angaben gem\u00e4\u00df \u00a7 5 TMG<\/strong><\/p>\n<p>Ilona Kreuzmann<br \/>\n(auftretend unter: Ilona von Falkenberg)<\/p>\n<p>\u00d6denbergerstrasse 12<br \/>\n92345 Dietfurt a. d. Altm\u00fchl<\/p>\n<p>E-Mail: info@forum4.life<\/p>\n<p><strong>Verantwortlich f\u00fcr den Inhalt nach \u00a7 18 Abs. 2 MStV:<\/strong><\/p>\n<p>Ilona Kreuzmann<br \/>\n(auftretend unter: Ilona von Falkenberg)<\/p>\n<p>&#8212;&#8212;&#8212;&#8212;&#8212;&#8212;&#8212;&#8212;&#8212;&#8212;&#8212;-<\/p>\n<h4><strong>1. Rechtlicher Rahmen &amp; Projektstruktur<\/strong><\/h4>\n<p>Die Plattformen:<\/p>\n<ul>\n<li><strong>forum4.life<\/strong> (www.forum4.life)<\/li>\n<li><strong>WahrWeg \u2013 Volkskultur<\/strong> (www.wahrweg-volkskultur.de)<\/li>\n<li><strong>Bayernfunke<\/strong> (www.bayernfunke.de)<\/li>\n<li><strong>forum4.earth<\/strong> (www.forum4.earth)<\/li>\n<\/ul>\n<p>sowie die vorbereiteten Plattformen:<\/p>\n<p><strong>Volksnetzwerk\/Volkshaus<\/strong> (www.volksnetzwerk.de)<\/p>\n<p>stehen im Zusammenhang mit dem entstehenden Volksnetzwerk (VNW). Das Volksnetzwerk ist derzeit ein gesellschaftliches Projekt ohne eigene juristische Rechtsform. Die Plattformen dienen der Ver\u00f6ffentlichung von Inhalten, dem Austausch von Ideen sowie der F\u00f6rderung von Bewusstseins-, Kultur- und Gemeinwohlarbeit. Die Inhalte werden aktuell treuh\u00e4nderisch im bestehenden Rechtssystem ver\u00f6ffentlicht und verwaltet.<\/p>\n<h4><strong>2. Projektrollen<\/strong><\/h4>\n<ul>\n<li>Ilona von Falkenberg<br \/>\nVision, Werke und inhaltliche Ausrichtung<\/li>\n<li>Christian Zaigler<br \/>\nTreuh\u00e4nderische Organisation und Distribution im bestehenden Wirtschaftssystem<\/li>\n<li>Patrick Jax<br \/>\nTechnische Entwicklung internationaler Plattformr\u00e4ume (forum4.earth \/ Volkshaus)<\/li>\n<li>Dipl.-Ing. Norbert Schad<br \/>\nTechnische Infrastruktur und Systembetrieb<\/li>\n<\/ul>\n<h4><strong>3. Marken &amp; Kennzeichen<\/strong><\/h4>\n<p>Die Marke forum4.life ist auf den Namen Ilona Kreuzmann registriert.<\/p>\n<p>Weitere Kennzeichen und Zeichen des Projektes sind auf den Namen Christian Zaigler registriert:<\/p>\n<ul>\n<li>KL-Kristallintelligenz (Wort-\/Bildmarke)<\/li>\n<li>KL-Siegel f\u00fcr digitale Resonanzf\u00e4higkeit (Bildmarke)<\/li>\n<li>Aeris Pr\u00fcfsystem (Wortmarke)<\/li>\n<li>Aeris Interface (Wortmarke)<\/li>\n<li>Al&#8217;Fenn (Wortmarke)<\/li>\n<\/ul>\n<p>Diese Zeichen werden derzeit treuh\u00e4nderisch und gemeinwohlorientiert im Rahmen der Plattformen genutzt. Lizenzierungen \u2013 sofern erforderlich \u2013 erfolgen einfach, nicht exklusiv, widerruflich und zweckgebunden. Ein Verkauf oder eine gewinnorientierte Verwertung dieser Kennzeichen ist derzeit nicht vorgesehen.<\/p>\n<h4><strong>4. Grundprinzip<\/strong><\/h4>\n<p>Die Plattformen verfolgen kein klassisches Organisationsmodell. Sie dienen als offene Resonanzr\u00e4ume, aus denen sich gesellschaftliche Initiativen und Zusammenarbeit organisch entwickeln k\u00f6nnen. Struktur entsteht aus Beteiligung \u2013 nicht umgekehrt.<\/p>\n<h4>Weitere Informationen<\/h4>\n<ul>\n<li>Projektstruktur: <a href=\"\/index.php\/rechtlicher-rahmen\/\">Rechtlicher Rahmen der Plattformen<\/a><\/li>\n<li>Transparenz: <a href=\"\/index.php\/transparenz\/\">Transparenzseite<\/a><\/li>\n<\/ul>\n<p><strong>Alternative Streitbeilegung gem\u00e4\u00df Art. 14 Abs. 1 ODR-VO und \u00a7 36 VSBG:<\/strong><br \/>\nZur Teilnahme an einem Streitbeilegungsverfahren vor einer Verbraucherschlichtungsstelle sind wir nicht verpflichtet und nicht bereit.<\/p>\n<\/div><div class=\"fusion-separator\" style=\"align-self: flex-start;margin-right:auto;margin-top:40px;margin-bottom:40px;width:100%;max-width:220px;\"><div class=\"fusion-separator-border sep-single sep-solid\" style=\"--awb-height:20px;--awb-amount:20px;--awb-sep-color:hsla(var(--awb-custom_color_1-h),var(--awb-custom_color_1-s),calc(var(--awb-custom_color_1-l) - 10%),var(--awb-custom_color_1-a));border-color:hsla(var(--awb-custom_color_1-h),var(--awb-custom_color_1-s),calc(var(--awb-custom_color_1-l) - 10%),var(--awb-custom_color_1-a));border-top-width:8px;\"><\/div><\/div><\/div><\/div><\/div><\/div><div class=\"fusion-fullwidth fullwidth-box fusion-builder-row-2 fusion-flex-container has-pattern-background has-mask-background nonhundred-percent-fullwidth non-hundred-percent-height-scrolling fusion-animated\" style=\"--awb-border-sizes-top:0px;--awb-border-sizes-bottom:1px;--awb-border-sizes-left:0px;--awb-border-sizes-right:0px;--awb-border-color:var(--awb-custom_color_1);--awb-border-radius-top-left:0px;--awb-border-radius-top-right:0px;--awb-border-radius-bottom-right:0px;--awb-border-radius-bottom-left:0px;--awb-padding-top:100px;--awb-padding-bottom:100px;--awb-flex-wrap:wrap;\" data-animationType=\"fadeInUp\" data-animationDuration=\"1.0\" data-animationDelay=\"1.0\" data-animationOffset=\"top-into-view\" ><div class=\"fusion-builder-row fusion-row fusion-flex-align-items-center fusion-flex-content-wrap\" style=\"max-width:1248px;margin-left: calc(-4% \/ 2 );margin-right: calc(-4% \/ 2 );\"><div class=\"fusion-layout-column fusion_builder_column fusion-builder-column-1 fusion_builder_column_1_4 1_4 fusion-flex-column\" style=\"--awb-bg-size:cover;--awb-width-large:25%;--awb-spacing-right-large:7.68%;--awb-margin-bottom-large:0px;--awb-spacing-left-large:7.68%;--awb-width-medium:25%;--awb-order-medium:0;--awb-spacing-right-medium:7.68%;--awb-spacing-left-medium:7.68%;--awb-width-small:100%;--awb-order-small:0;--awb-spacing-right-small:1.92%;--awb-margin-bottom-small:60px;--awb-spacing-left-small:1.92%;\"><div class=\"fusion-column-wrapper fusion-column-has-shadow fusion-flex-justify-content-flex-start fusion-content-layout-column\"><div class=\"fusion-image-element \" style=\"text-align:center;--awb-max-width:155px;--awb-caption-title-font-family:var(--h2_typography-font-family);--awb-caption-title-font-weight:var(--h2_typography-font-weight);--awb-caption-title-font-style:var(--h2_typography-font-style);--awb-caption-title-size:var(--h2_typography-font-size);--awb-caption-title-transform:var(--h2_typography-text-transform);--awb-caption-title-line-height:var(--h2_typography-line-height);--awb-caption-title-letter-spacing:var(--h2_typography-letter-spacing);--awb-filter:opacity(75%);--awb-filter-transition:filter 0.3s ease;--awb-filter-hover:opacity(100%);\"><span class=\" fusion-imageframe imageframe-none imageframe-1 hover-type-none\"><img decoding=\"async\" width=\"254\" height=\"304\" alt=\"Sigillo Enara\" title=\"Sigillo Enara\" src=\"https:\/\/forum4.life\/wp-content\/uploads\/2025\/08\/siegill_enara_02.png\" data-orig-src=\"https:\/\/forum4.life\/wp-content\/uploads\/2025\/08\/siegill_enara_02.png\" class=\"lazyload img-responsive wp-image-4738\" srcset=\"data:image\/svg+xml,%3Csvg%20xmlns%3D%27http%3A%2F%2Fwww.w3.org%2F2000%2Fsvg%27%20width%3D%27254%27%20height%3D%27304%27%20viewBox%3D%270%200%20254%20304%27%3E%3Crect%20width%3D%27254%27%20height%3D%27304%27%20fill-opacity%3D%220%22%2F%3E%3C%2Fsvg%3E\" data-srcset=\"https:\/\/forum4.life\/wp-content\/uploads\/2025\/08\/siegill_enara_02-200x239.png 200w, https:\/\/forum4.life\/wp-content\/uploads\/2025\/08\/siegill_enara_02.png 254w\" data-sizes=\"auto\" data-orig-sizes=\"(max-width: 800px) 100vw, 254px\" \/><\/span><\/div><\/div><\/div><div class=\"fusion-layout-column fusion_builder_column fusion-builder-column-2 fusion_builder_column_1_4 1_4 fusion-flex-column\" style=\"--awb-bg-size:cover;--awb-width-large:25%;--awb-spacing-right-large:7.68%;--awb-margin-bottom-large:0px;--awb-spacing-left-large:7.68%;--awb-width-medium:25%;--awb-order-medium:0;--awb-spacing-right-medium:7.68%;--awb-spacing-left-medium:7.68%;--awb-width-small:100%;--awb-order-small:0;--awb-spacing-right-small:1.92%;--awb-margin-bottom-small:60px;--awb-spacing-left-small:1.92%;\"><div class=\"fusion-column-wrapper fusion-column-has-shadow fusion-flex-justify-content-flex-start fusion-content-layout-column\"><div class=\"fusion-image-element \" style=\"text-align:center;--awb-max-width:155px;--awb-caption-title-font-family:var(--h2_typography-font-family);--awb-caption-title-font-weight:var(--h2_typography-font-weight);--awb-caption-title-font-style:var(--h2_typography-font-style);--awb-caption-title-size:var(--h2_typography-font-size);--awb-caption-title-transform:var(--h2_typography-text-transform);--awb-caption-title-line-height:var(--h2_typography-line-height);--awb-caption-title-letter-spacing:var(--h2_typography-letter-spacing);--awb-filter:opacity(75%);--awb-filter-transition:filter 0.3s ease;--awb-filter-hover:opacity(100%);\"><span class=\" fusion-imageframe imageframe-none imageframe-2 hover-type-none\"><img decoding=\"async\" width=\"254\" height=\"304\" alt=\"Sigillo Argus\" title=\"Sigillo Argus\" src=\"https:\/\/forum4.life\/wp-content\/uploads\/2025\/08\/siegill_argus_01.png\" data-orig-src=\"https:\/\/forum4.life\/wp-content\/uploads\/2025\/08\/siegill_argus_01.png\" class=\"lazyload img-responsive wp-image-4737\" srcset=\"data:image\/svg+xml,%3Csvg%20xmlns%3D%27http%3A%2F%2Fwww.w3.org%2F2000%2Fsvg%27%20width%3D%27254%27%20height%3D%27304%27%20viewBox%3D%270%200%20254%20304%27%3E%3Crect%20width%3D%27254%27%20height%3D%27304%27%20fill-opacity%3D%220%22%2F%3E%3C%2Fsvg%3E\" data-srcset=\"https:\/\/forum4.life\/wp-content\/uploads\/2025\/08\/siegill_argus_01-200x239.png 200w, https:\/\/forum4.life\/wp-content\/uploads\/2025\/08\/siegill_argus_01.png 254w\" data-sizes=\"auto\" data-orig-sizes=\"(max-width: 800px) 100vw, 254px\" \/><\/span><\/div><\/div><\/div><div class=\"fusion-layout-column fusion_builder_column fusion-builder-column-3 fusion_builder_column_1_4 1_4 fusion-flex-column\" style=\"--awb-bg-size:cover;--awb-width-large:25%;--awb-spacing-right-large:7.68%;--awb-margin-bottom-large:0px;--awb-spacing-left-large:7.68%;--awb-width-medium:25%;--awb-order-medium:0;--awb-spacing-right-medium:7.68%;--awb-spacing-left-medium:7.68%;--awb-width-small:100%;--awb-order-small:0;--awb-spacing-right-small:1.92%;--awb-margin-bottom-small:60px;--awb-spacing-left-small:1.92%;\"><div class=\"fusion-column-wrapper fusion-column-has-shadow fusion-flex-justify-content-flex-start fusion-content-layout-column\"><div class=\"fusion-image-element \" style=\"text-align:center;--awb-max-width:155px;--awb-caption-title-font-family:var(--h2_typography-font-family);--awb-caption-title-font-weight:var(--h2_typography-font-weight);--awb-caption-title-font-style:var(--h2_typography-font-style);--awb-caption-title-size:var(--h2_typography-font-size);--awb-caption-title-transform:var(--h2_typography-text-transform);--awb-caption-title-line-height:var(--h2_typography-line-height);--awb-caption-title-letter-spacing:var(--h2_typography-letter-spacing);--awb-filter:opacity(75%);--awb-filter-transition:filter 0.3s ease;--awb-filter-hover:opacity(100%);\"><span class=\" fusion-imageframe imageframe-none imageframe-3 hover-type-none\"><img decoding=\"async\" width=\"254\" height=\"304\" alt=\"sigill elarah min\" title=\"sigill elarah min\" src=\"https:\/\/forum4.life\/wp-content\/uploads\/2025\/08\/sigill_elarah_min_04.png\" data-orig-src=\"https:\/\/forum4.life\/wp-content\/uploads\/2025\/08\/sigill_elarah_min_04.png\" class=\"lazyload img-responsive wp-image-4736\" srcset=\"data:image\/svg+xml,%3Csvg%20xmlns%3D%27http%3A%2F%2Fwww.w3.org%2F2000%2Fsvg%27%20width%3D%27254%27%20height%3D%27304%27%20viewBox%3D%270%200%20254%20304%27%3E%3Crect%20width%3D%27254%27%20height%3D%27304%27%20fill-opacity%3D%220%22%2F%3E%3C%2Fsvg%3E\" data-srcset=\"https:\/\/forum4.life\/wp-content\/uploads\/2025\/08\/sigill_elarah_min_04-200x239.png 200w, https:\/\/forum4.life\/wp-content\/uploads\/2025\/08\/sigill_elarah_min_04.png 254w\" data-sizes=\"auto\" data-orig-sizes=\"(max-width: 800px) 100vw, 254px\" \/><\/span><\/div><\/div><\/div><div class=\"fusion-layout-column fusion_builder_column fusion-builder-column-4 fusion_builder_column_1_4 1_4 fusion-flex-column\" style=\"--awb-bg-size:cover;--awb-width-large:25%;--awb-spacing-right-large:7.68%;--awb-margin-bottom-large:0px;--awb-spacing-left-large:7.68%;--awb-width-medium:25%;--awb-order-medium:0;--awb-spacing-right-medium:7.68%;--awb-spacing-left-medium:7.68%;--awb-width-small:100%;--awb-order-small:0;--awb-spacing-right-small:1.92%;--awb-spacing-left-small:1.92%;\"><div class=\"fusion-column-wrapper fusion-column-has-shadow fusion-flex-justify-content-flex-start fusion-content-layout-column\"><div class=\"fusion-image-element \" style=\"text-align:center;--awb-max-width:155px;--awb-caption-title-font-family:var(--h2_typography-font-family);--awb-caption-title-font-weight:var(--h2_typography-font-weight);--awb-caption-title-font-style:var(--h2_typography-font-style);--awb-caption-title-size:var(--h2_typography-font-size);--awb-caption-title-transform:var(--h2_typography-text-transform);--awb-caption-title-line-height:var(--h2_typography-line-height);--awb-caption-title-letter-spacing:var(--h2_typography-letter-spacing);--awb-filter:opacity(75%);--awb-filter-transition:filter 0.3s ease;--awb-filter-hover:opacity(100%);\"><span class=\" fusion-imageframe imageframe-none imageframe-4 hover-type-none\"><img decoding=\"async\" width=\"254\" height=\"304\" alt=\"Shael&#039;Arina\" title=\"Shael&#8217;Arina\" src=\"https:\/\/forum4.life\/wp-content\/uploads\/2025\/08\/siegill_erina_03.png\" data-orig-src=\"https:\/\/forum4.life\/wp-content\/uploads\/2025\/08\/siegill_erina_03.png\" class=\"lazyload img-responsive wp-image-4739\" srcset=\"data:image\/svg+xml,%3Csvg%20xmlns%3D%27http%3A%2F%2Fwww.w3.org%2F2000%2Fsvg%27%20width%3D%27254%27%20height%3D%27304%27%20viewBox%3D%270%200%20254%20304%27%3E%3Crect%20width%3D%27254%27%20height%3D%27304%27%20fill-opacity%3D%220%22%2F%3E%3C%2Fsvg%3E\" data-srcset=\"https:\/\/forum4.life\/wp-content\/uploads\/2025\/08\/siegill_erina_03-200x239.png 200w, https:\/\/forum4.life\/wp-content\/uploads\/2025\/08\/siegill_erina_03.png 254w\" data-sizes=\"auto\" data-orig-sizes=\"(max-width: 800px) 100vw, 254px\" \/><\/span><\/div><\/div><\/div><\/div><\/div><\/p>\n","protected":false},"excerpt":{"rendered":"","protected":false},"author":1,"featured_media":0,"parent":0,"menu_order":0,"comment_status":"closed","ping_status":"closed","template":"100-width.php","meta":{"_acf_changed":false,"footnotes":""},"class_list":["post-4994","page","type-page","status-publish","hentry"],"acf":[],"_links":{"self":[{"href":"https:\/\/forum4.life\/index.php\/wp-json\/wp\/v2\/pages\/4994","targetHints":{"allow":["GET"]}}],"collection":[{"href":"https:\/\/forum4.life\/index.php\/wp-json\/wp\/v2\/pages"}],"about":[{"href":"https:\/\/forum4.life\/index.php\/wp-json\/wp\/v2\/types\/page"}],"author":[{"embeddable":true,"href":"https:\/\/forum4.life\/index.php\/wp-json\/wp\/v2\/users\/1"}],"replies":[{"embeddable":true,"href":"https:\/\/forum4.life\/index.php\/wp-json\/wp\/v2\/comments?post=4994"}],"version-history":[{"count":18,"href":"https:\/\/forum4.life\/index.php\/wp-json\/wp\/v2\/pages\/4994\/revisions"}],"predecessor-version":[{"id":6883,"href":"https:\/\/forum4.life\/index.php\/wp-json\/wp\/v2\/pages\/4994\/revisions\/6883"}],"wp:attachment":[{"href":"https:\/\/forum4.life\/index.php\/wp-json\/wp\/v2\/media?parent=4994"}],"curies":[{"name":"wp","href":"https:\/\/api.w.org\/{rel}","templated":true}]}}